{"id":2241,"date":"2021-10-08T14:43:36","date_gmt":"2021-10-08T12:43:36","guid":{"rendered":"http:\/\/demo2.ictlabo.tech\/notre-actualite-2\/"},"modified":"2025-09-19T13:56:29","modified_gmt":"2025-09-19T11:56:29","slug":"notre-agenda","status":"publish","type":"page","link":"https:\/\/www.institutmssaintlambert.be\/?page_id=2241","title":{"rendered":"Eph\u00e9m\u00e9rides"},"content":{"rendered":"<p>[vc_row][vc_column][vc_column_text]<\/p>\n<h2>Eph\u00e9m\u00e9rides<\/h2>\n<p>[\/vc_column_text][vc_separator][\/vc_column][\/vc_row][vc_row][vc_column][vc_column_text]<\/p>\n<h2>Calendrier &#8211; Ann\u00e9e scolaire 2025\/2026 :<\/h2>\n<ul>\n<li><strong>Rentr\u00e9e scolaire<\/strong> : lundi 25\u00a0ao\u00fbt 2025.<\/li>\n<li><strong>(F\u00eate de la Communaut\u00e9 fran\u00e7aise<\/strong>\u00a0: samedi 27 septembre 2025).<\/li>\n<li><strong>Cong\u00e9 d&#8217;automne (Toussaint<\/strong>) : du lundi 20\u00a0octobre 2025\u00a0au vendredi 31\u00a0octobre 2025.<\/li>\n<li><strong>Vacances d&#8217;hiver (No\u00ebl)<\/strong> : du lundi 22\u00a0d\u00e9cembre 2025\u00a0au vendredi 2\u00a0janvier 2026.<\/li>\n<li><strong>Cong\u00e9 de d\u00e9tente (Carnaval<\/strong>) : du lundi 16 au vendredi 27 f\u00e9vrier 2026.<\/li>\n<li><strong>Lundi de P\u00e2ques<\/strong> : lundi 6 avril 2026.<\/li>\n<li><strong>Vacances de printemps (P\u00e2ques<\/strong>) : du lundi 27 avril 2025 au vendredi 8 mai 2026.<\/li>\n<li><strong>Ascension<\/strong> : jeudi 14 mai 2026.<\/li>\n<li><strong>Lundi de Pentec\u00f4te<\/strong> : lundi 25 mai 2026.<\/li>\n<li><strong>Vacances d&#8217;\u00e9t\u00e9\u00a0:<\/strong>\u00a0samedi 4 juillet au dimanche 23 ao\u00fbt 2026.<\/li>\n<\/ul>\n<p>[\/vc_column_text][\/vc_column][\/vc_row]<\/p>\n","protected":false},"excerpt":{"rendered":"<p>[vc_row][vc_column][vc_column_text] Eph\u00e9m\u00e9rides [\/vc_column_text][vc_separator][\/vc_column][\/vc_row][vc_row][vc_column][vc_column_text] Calendrier &#8211; Ann\u00e9e scolaire 2025\/2026 : Rentr\u00e9e scolaire : lundi 25\u00a0ao\u00fbt 2025. (F\u00eate de la Communaut\u00e9 fran\u00e7aise\u00a0: samedi 27 septembre 2025). Cong\u00e9 d&#8217;automne (Toussaint) : du lundi 20\u00a0octobre 2025\u00a0au vendredi 31\u00a0octobre 2025. Vacances d&#8217;hiver (No\u00ebl) : du lundi 22\u00a0d\u00e9cembre 2025\u00a0au vendredi 2\u00a0janvier 2026. Cong\u00e9 de d\u00e9tente (Carnaval) : du lundi 16 au [&hellip;]<\/p>\n","protected":false},"author":1,"featured_media":0,"parent":0,"menu_order":0,"comment_status":"closed","ping_status":"closed","template":"","meta":{"footnotes":""},"class_list":["post-2241","page","type-page","status-publish","hentry"],"_links":{"self":[{"href":"https:\/\/www.institutmssaintlambert.be\/index.php?rest_route=\/wp\/v2\/pages\/2241","targetHints":{"allow":["GET"]}}],"collection":[{"href":"https:\/\/www.institutmssaintlambert.be\/index.php?rest_route=\/wp\/v2\/pages"}],"about":[{"href":"https:\/\/www.institutmssaintlambert.be\/index.php?rest_route=\/wp\/v2\/types\/page"}],"author":[{"embeddable":true,"href":"https:\/\/www.institutmssaintlambert.be\/index.php?rest_route=\/wp\/v2\/users\/1"}],"replies":[{"embeddable":true,"href":"https:\/\/www.institutmssaintlambert.be\/index.php?rest_route=%2Fwp%2Fv2%2Fcomments&post=2241"}],"version-history":[{"count":41,"href":"https:\/\/www.institutmssaintlambert.be\/index.php?rest_route=\/wp\/v2\/pages\/2241\/revisions"}],"predecessor-version":[{"id":2694,"href":"https:\/\/www.institutmssaintlambert.be\/index.php?rest_route=\/wp\/v2\/pages\/2241\/revisions\/2694"}],"wp:attachment":[{"href":"https:\/\/www.institutmssaintlambert.be\/index.php?rest_route=%2Fwp%2Fv2%2Fmedia&parent=2241"}],"curies":[{"name":"wp","href":"https:\/\/api.w.org\/{rel}","templated":true}]}}